{"id":7552,"date":"2023-01-10T12:22:08","date_gmt":"2023-01-10T12:22:08","guid":{"rendered":"https:\/\/iproff.ee\/insured-event\/"},"modified":"2023-01-19T08:08:13","modified_gmt":"2023-01-19T08:08:13","slug":"insured-event","status":"publish","type":"page","link":"https:\/\/iproff.ee\/en\/insured-event\/","title":{"rendered":"Insured event"},"content":{"rendered":"<h2>iProff abistab Sind kindlustusjuhtumi korral!<\/h2>\n<h3>Mis on kindlustusjuhtum?<\/h3>\n<p>Kodu- v\u00f5i varakindlustusega kindlustatud seadme sisemiste rikete v\u00f5i ootamatu ja \u00e4kilise h\u00e4vimise v\u00f5i kahjustumise korral on tegemist kindlustusjuhtumiga.<\/p>\n<p>N\u00e4iteks: Ootamatu juhtum on, kui mobiiltelefon kukkus k\u00e4est maha. Sisemise rikke kindlustusjuhtumiks on n\u00e4iteks, kui kaamera fokuseerimine ei toimi, pildid j\u00e4\u00e4vad udused.<\/p>\n<p>Sel juhul on kindlustuse saajal \u00f5igus saada hooldust kindlustuse raames.<\/p>\n<h3>Miks valida meid?<\/h3>\n<p>Meilt saad k\u00f5ik vajaliku abi oma seadme parandamiseks kindlustusjuhtumi korral. V\u00e4ljastame vea tuvastamise akti ja abistame suhtlemisel kindlustusandjaga.<\/p>\n<h3>Mida on vaja teha seadme remondimiseks kindlustuse raames?<\/h3>\n<ul>\n<li>P\u00f6\u00f6rdu oma kindlustuspakkujale kindlustusjuhtumi registreerimiseks<\/li>\n<li>Selgita v\u00e4lja kindlustusakti number<\/li>\n<li>Tee seadme andmetest tagavarakoopia<\/li>\n<li>L\u00fclita v\u00e4lja Find My iPhone funktsionaalsus juhendi j\u00e4rgi<\/li>\n<li>Broneeri hoolduset\u00f6\u00f6 aeg veebis. Too seade iProff hooldusesse aadressil Tartu mnt. 50A. NB! Kindlustusremont tehakse ainult poodis!<\/li>\n<\/ul>\n<p>Lisainfo saamiseks v\u00f5ta meiega \u00fchendust: <a style=\"pointer-events: none;\" href=\"tel:+37259818848\">+37259818848<\/a><\/p>\n\n<p>Juhend Find My funktsiooni v\u00e4ljal\u00fclitamiseks enne seadme hooldusesse viimist:<\/p>\n\n<ul class=\"wp-block-list\">\n<li>Logi seadmes olevast Apple ID kontost v\u00e4lja (Settings rakenduses)<\/li>\n\n\n\n<li>Logi sisse aadressil <a href=\"http:\/\/www.iCloud.com\/find\" target=\"_blank\" rel=\"noreferrer noopener\">www.iCloud.com\/find<\/a> oma Apple ID kasutajatunnuse ja parooliga.<\/li>\n\n\n\n<li>Vali &#8220;Find iPhone&#8221;.<\/li>\n<li>Ava lehe \u00fclaosast loend &#8220;All Devices&#8221;.<\/li>\n\n\n\n<li>Vali seade, millel soovid funktsiooni v\u00e4lja l\u00fclitada ning kliki &#8220;Remove from account&#8221;.<\/li>\n<\/ul>\n\n<p>NB! Kindlasti vali &#8220;Remove from account&#8221;, mitte &#8220;Erase&#8221;.<\/p>\n","protected":false},"excerpt":{"rendered":"<p>iProff abistab Sind kindlustusjuhtumi korral! Mis on kindlustusjuhtum? Kodu- v\u00f5i varakindlustusega kindlustatud seadme sisemiste rikete v\u00f5i ootamatu ja \u00e4kilise h\u00e4vimise v\u00f5i kahjustumise korral on tegemist kindlustusjuhtumiga. N\u00e4iteks: Ootamatu juhtum on, kui mobiiltelefon kukkus k\u00e4est maha. Sisemise rikke kindlustusjuhtumiks on n\u00e4iteks, kui kaamera fokuseerimine ei toimi, pildid j\u00e4\u00e4vad udused. Sel juhul on kindlustuse saajal \u00f5igus saada [&hellip;]<\/p>\n","protected":false},"author":15,"featured_media":0,"parent":0,"menu_order":0,"comment_status":"closed","ping_status":"closed","template":"static-page.php","meta":{"_acf_changed":false,"footnotes":""},"class_list":["post-7552","page","type-page","status-publish","hentry"],"acf":[],"_links":{"self":[{"href":"https:\/\/iproff.ee\/en\/wp-json\/wp\/v2\/pages\/7552","targetHints":{"allow":["GET"]}}],"collection":[{"href":"https:\/\/iproff.ee\/en\/wp-json\/wp\/v2\/pages"}],"about":[{"href":"https:\/\/iproff.ee\/en\/wp-json\/wp\/v2\/types\/page"}],"author":[{"embeddable":true,"href":"https:\/\/iproff.ee\/en\/wp-json\/wp\/v2\/users\/15"}],"replies":[{"embeddable":true,"href":"https:\/\/iproff.ee\/en\/wp-json\/wp\/v2\/comments?post=7552"}],"version-history":[{"count":0,"href":"https:\/\/iproff.ee\/en\/wp-json\/wp\/v2\/pages\/7552\/revisions"}],"wp:attachment":[{"href":"https:\/\/iproff.ee\/en\/wp-json\/wp\/v2\/media?parent=7552"}],"curies":[{"name":"wp","href":"https:\/\/api.w.org\/{rel}","templated":true}]}}